{"id":2,"date":"2025-08-07T11:30:34","date_gmt":"2025-08-07T11:30:34","guid":{"rendered":"https:\/\/cafeteriagaleon.rkinformatika.online\/?page_id=2"},"modified":"2025-08-08T07:04:14","modified_gmt":"2025-08-08T07:04:14","slug":"inicio","status":"publish","type":"page","link":"https:\/\/cafeteriagaleon.com\/eu\/","title":{"rendered":"Hasiera"},"content":{"rendered":"\t\t<div data-elementor-type=\"wp-page\" data-elementor-id=\"2\" class=\"elementor elementor-2\" data-elementor-post-type=\"page\">\n\t\t\t\t\t\t<section class=\"elementor-section elementor-top-section elementor-element elementor-element-ca4d83e elementor-section-boxed elementor-section-height-default elementor-section-height-default\" data-id=\"ca4d83e\" data-element_type=\"section\" data-e-type=\"section\" data-settings=\"{&quot;background_background&quot;:&quot;slideshow&quot;,&quot;background_slideshow_gallery&quot;:[{&quot;id&quot;:187,&quot;url&quot;:&quot;https:\\\/\\\/cafeteriagaleon.com\\\/wp-content\\\/uploads\\\/2025\\\/08\\\/2520.jpg&quot;},{&quot;id&quot;:184,&quot;url&quot;:&quot;https:\\\/\\\/cafeteriagaleon.com\\\/wp-content\\\/uploads\\\/2025\\\/08\\\/2148255054.jpg&quot;}],&quot;background_slideshow_ken_burns&quot;:&quot;yes&quot;,&quot;background_slideshow_loop&quot;:&quot;yes&quot;,&quot;background_slideshow_slide_duration&quot;:5000,&quot;background_slideshow_slide_transition&quot;:&quot;fade&quot;,&quot;background_slideshow_transition_duration&quot;:500,&quot;background_slideshow_ken_burns_zoom_direction&quot;:&quot;in&quot;}\">\n\t\t\t\t\t\t\t<div class=\"elementor-background-overlay\"><\/div>\n\t\t\t\t\t\t\t<div class=\"elementor-container elementor-column-gap-default\">\n\t\t\t\t\t<div class=\"elementor-column elementor-col-100 elementor-top-column elementor-element elementor-element-ed189b6\" data-id=\"ed189b6\" data-element_type=\"column\" data-e-type=\"column\">\n\t\t\t<div class=\"elementor-widget-wrap elementor-element-populated\">\n\t\t\t\t\t\t<div class=\"elementor-element elementor-element-4541a46 elementor-headline--style-highlight elementor-widget elementor-widget-animated-headline\" data-id=\"4541a46\" data-element_type=\"widget\" data-e-type=\"widget\" data-settings=\"{&quot;highlighted_text&quot;:&quot;caf\\u00e9 y tortilla de patata&quot;,&quot;headline_style&quot;:&quot;highlight&quot;,&quot;marker&quot;:&quot;circle&quot;,&quot;loop&quot;:&quot;yes&quot;,&quot;highlight_animation_duration&quot;:1200,&quot;highlight_iteration_delay&quot;:8000}\" data-widget_type=\"animated-headline.default\">\n\t\t\t\t\t\t\t<h3 class=\"elementor-headline\">\n\t\t\t\t\t<span class=\"elementor-headline-plain-text elementor-headline-text-wrapper\">Especializado en el<\/span>\n\t\t\t\t<span class=\"elementor-headline-dynamic-wrapper elementor-headline-text-wrapper\">\n\t\t\t\t\t<span class=\"elementor-headline-dynamic-text elementor-headline-text-active\">caf\u00e9 y tortilla de patata<\/span>\n\t\t\t\t<\/span>\n\t\t\t\t<\/h3>\n\t\t\t\t\t\t<\/div>\n\t\t\t\t<div class=\"elementor-element elementor-element-b7cc0bf elementor-widget elementor-widget-button\" data-id=\"b7cc0bf\" data-element_type=\"widget\" data-e-type=\"widget\" data-widget_type=\"button.default\">\n\t\t\t\t\t\t\t\t\t\t<a class=\"elementor-button elementor-button-link elementor-size-sm elementor-animation-float\" href=\"\/servicios\">\n\t\t\t\t\t\t<span class=\"elementor-button-content-wrapper\">\n\t\t\t\t\t\t\t\t\t<span class=\"elementor-button-text\">Servicios<\/span>\n\t\t\t\t\t<\/span>\n\t\t\t\t\t<\/a>\n\t\t\t\t\t\t\t\t<\/div>\n\t\t\t\t\t<\/div>\n\t\t<\/div>\n\t\t\t\t\t<\/div>\n\t\t<\/section>\n\t\t\t\t<section class=\"elementor-section elementor-top-section elementor-element elementor-element-aaf66d3 elementor-section-boxed elementor-section-height-default elementor-section-height-default elementor-invisible\" data-id=\"aaf66d3\" data-element_type=\"section\" data-e-type=\"section\" data-settings=\"{&quot;animation&quot;:&quot;fadeInRight&quot;}\">\n\t\t\t\t\t\t<div class=\"elementor-container elementor-column-gap-default\">\n\t\t\t\t\t<div class=\"elementor-column elementor-col-50 elementor-top-column elementor-element elementor-element-e102533\" data-id=\"e102533\" data-element_type=\"column\" data-e-type=\"column\">\n\t\t\t<div class=\"elementor-widget-wrap elementor-element-populated\">\n\t\t\t\t\t\t<div class=\"elementor-element elementor-element-7fc07a6 elementor-flip-box--effect-fade elementor-widget elementor-widget-flip-box\" data-id=\"7fc07a6\" data-element_type=\"widget\" data-e-type=\"widget\" data-widget_type=\"flip-box.default\">\n\t\t\t\t\t\t\t<div class=\"elementor-flip-box\" tabindex=\"0\">\n\t\t\t<div class=\"elementor-flip-box__layer elementor-flip-box__front\">\n\t\t\t\t<div class=\"elementor-flip-box__layer__overlay\">\n\t\t\t\t\t<div class=\"elementor-flip-box__layer__inner\">\n\t\t\t\t\t\t\n\t\t\t\t\t\t\n\t\t\t\t\t\t\t\t\t\t\t<\/div>\n\t\t\t\t<\/div>\n\t\t\t<\/div>\n\t\t\t<div class=\"elementor-flip-box__layer elementor-flip-box__back\">\n\t\t\t<div class=\"elementor-flip-box__layer__overlay\">\n\t\t\t\t<div class=\"elementor-flip-box__layer__inner\">\n\t\t\t\t\t\n\t\t\t\t\t\n\t\t\t\t\t\t\t\t<\/div>\n\t\t<\/div>\n\t\t<\/div>\n\t\t<\/div>\n\t\t\t\t\t\t<\/div>\n\t\t\t\t\t<\/div>\n\t\t<\/div>\n\t\t\t\t<div class=\"elementor-column elementor-col-50 elementor-top-column elementor-element elementor-element-a448147\" data-id=\"a448147\" data-element_type=\"column\" data-e-type=\"column\">\n\t\t\t<div class=\"elementor-widget-wrap elementor-element-populated\">\n\t\t\t\t\t\t<div class=\"elementor-element elementor-element-930a6e9 elementor-widget elementor-widget-spacer\" data-id=\"930a6e9\" data-element_type=\"widget\" data-e-type=\"widget\" data-widget_type=\"spacer.default\">\n\t\t\t\t\t\t\t<div class=\"elementor-spacer\">\n\t\t\t<div class=\"elementor-spacer-inner\"><\/div>\n\t\t<\/div>\n\t\t\t\t\t\t<\/div>\n\t\t\t\t<div class=\"elementor-element elementor-element-c84febf elementor-invisible elementor-widget elementor-widget-heading\" data-id=\"c84febf\" data-element_type=\"widget\" data-e-type=\"widget\" data-settings=\"{&quot;_animation&quot;:&quot;fadeIn&quot;,&quot;_animation_delay&quot;:50}\" data-widget_type=\"heading.default\">\n\t\t\t\t\t<h2 class=\"elementor-heading-title elementor-size-default\">bienvenidos<\/h2>\t\t\t\t<\/div>\n\t\t\t\t<div class=\"elementor-element elementor-element-9f084d8 elementor-invisible elementor-widget elementor-widget-heading\" data-id=\"9f084d8\" data-element_type=\"widget\" data-e-type=\"widget\" data-settings=\"{&quot;_animation&quot;:&quot;fadeIn&quot;,&quot;_animation_delay&quot;:100}\" data-widget_type=\"heading.default\">\n\t\t\t\t\t<h2 class=\"elementor-heading-title elementor-size-default\">Si\u00e9ntate y rel\u00e1jate, pide tu desayuno<\/h2>\t\t\t\t<\/div>\n\t\t\t\t\t<\/div>\n\t\t<\/div>\n\t\t\t\t\t<\/div>\n\t\t<\/section>\n\t\t<div class=\"elementor-element elementor-element-d1ccb19 e-flex e-con-boxed e-con e-parent\" data-id=\"d1ccb19\" data-element_type=\"container\" data-e-type=\"container\" data-settings=\"{&quot;background_background&quot;:&quot;classic&quot;}\">\n\t\t\t\t\t<div class=\"e-con-inner\">\n\t\t\t\t<div class=\"elementor-element elementor-element-769b8cd elementor-invisible elementor-widget elementor-widget-heading\" data-id=\"769b8cd\" data-element_type=\"widget\" data-e-type=\"widget\" data-settings=\"{&quot;_animation&quot;:&quot;fadeInRight&quot;,&quot;_animation_delay&quot;:100}\" data-widget_type=\"heading.default\">\n\t\t\t\t\t<h2 class=\"elementor-heading-title elementor-size-default\">\u00a1Disfruta del ambiente con un buen desayuno!<\/h2>\t\t\t\t<\/div>\n\t\t\t\t<div class=\"elementor-element elementor-element-84efcf8 elementor-widget elementor-widget-button\" data-id=\"84efcf8\" data-element_type=\"widget\" data-e-type=\"widget\" data-widget_type=\"button.default\">\n\t\t\t\t\t\t\t\t\t\t<a class=\"elementor-button elementor-button-link elementor-size-sm elementor-animation-float\" href=\"\/servicios\">\n\t\t\t\t\t\t<span class=\"elementor-button-content-wrapper\">\n\t\t\t\t\t\t\t\t\t<span class=\"elementor-button-text\">Servicios<\/span>\n\t\t\t\t\t<\/span>\n\t\t\t\t\t<\/a>\n\t\t\t\t\t\t\t\t<\/div>\n\t\t\t\t\t<\/div>\n\t\t\t\t<\/div>\n\t\t\t\t<section class=\"elementor-section elementor-top-section elementor-element elementor-element-0f11d61 elementor-section-boxed elementor-section-height-default elementor-section-height-default\" data-id=\"0f11d61\" data-element_type=\"section\" data-e-type=\"section\">\n\t\t\t\t\t\t<div class=\"elementor-container elementor-column-gap-default\">\n\t\t\t\t\t<div class=\"elementor-column elementor-col-50 elementor-top-column elementor-element elementor-element-4844715\" data-id=\"4844715\" data-element_type=\"column\" data-e-type=\"column\">\n\t\t\t<div class=\"elementor-widget-wrap elementor-element-populated\">\n\t\t\t\t\t\t<div class=\"elementor-element elementor-element-1d8cccb elementor-widget elementor-widget-spacer\" data-id=\"1d8cccb\" data-element_type=\"widget\" data-e-type=\"widget\" data-widget_type=\"spacer.default\">\n\t\t\t\t\t\t\t<div class=\"elementor-spacer\">\n\t\t\t<div class=\"elementor-spacer-inner\"><\/div>\n\t\t<\/div>\n\t\t\t\t\t\t<\/div>\n\t\t\t\t<div class=\"elementor-element elementor-element-2a076af elementor-invisible elementor-widget elementor-widget-heading\" data-id=\"2a076af\" data-element_type=\"widget\" data-e-type=\"widget\" data-settings=\"{&quot;_animation&quot;:&quot;fadeIn&quot;,&quot;_animation_delay&quot;:50}\" data-widget_type=\"heading.default\">\n\t\t\t\t\t<h2 class=\"elementor-heading-title elementor-size-default\">Nuestra comida<\/h2>\t\t\t\t<\/div>\n\t\t\t\t<div class=\"elementor-element elementor-element-2a40043 elementor-invisible elementor-widget elementor-widget-heading\" data-id=\"2a40043\" data-element_type=\"widget\" data-e-type=\"widget\" data-settings=\"{&quot;_animation&quot;:&quot;fadeIn&quot;,&quot;_animation_delay&quot;:100}\" data-widget_type=\"heading.default\">\n\t\t\t\t\t<h2 class=\"elementor-heading-title elementor-size-default\">Local especializado en los desayunos, junto al puente colgante de Portugalete <\/h2>\t\t\t\t<\/div>\n\t\t\t\t<div class=\"elementor-element elementor-element-7bbe772 elementor-widget elementor-widget-button\" data-id=\"7bbe772\" data-element_type=\"widget\" data-e-type=\"widget\" data-widget_type=\"button.default\">\n\t\t\t\t\t\t\t\t\t\t<a class=\"elementor-button elementor-button-link elementor-size-sm elementor-animation-float\" href=\"\/servicios\">\n\t\t\t\t\t\t<span class=\"elementor-button-content-wrapper\">\n\t\t\t\t\t\t\t\t\t<span class=\"elementor-button-text\">Servicios<\/span>\n\t\t\t\t\t<\/span>\n\t\t\t\t\t<\/a>\n\t\t\t\t\t\t\t\t<\/div>\n\t\t\t\t\t<\/div>\n\t\t<\/div>\n\t\t\t\t<div class=\"elementor-column elementor-col-50 elementor-top-column elementor-element elementor-element-f66c88d\" data-id=\"f66c88d\" data-element_type=\"column\" data-e-type=\"column\">\n\t\t\t<div class=\"elementor-widget-wrap elementor-element-populated\">\n\t\t\t\t\t\t<div class=\"elementor-element elementor-element-fd05717 elementor-flip-box--effect-fade elementor-widget elementor-widget-flip-box\" data-id=\"fd05717\" data-element_type=\"widget\" data-e-type=\"widget\" data-widget_type=\"flip-box.default\">\n\t\t\t\t\t\t\t<div class=\"elementor-flip-box\" tabindex=\"0\">\n\t\t\t<div class=\"elementor-flip-box__layer elementor-flip-box__front\">\n\t\t\t\t<div class=\"elementor-flip-box__layer__overlay\">\n\t\t\t\t\t<div class=\"elementor-flip-box__layer__inner\">\n\t\t\t\t\t\t\n\t\t\t\t\t\t\n\t\t\t\t\t\t\t\t\t\t\t<\/div>\n\t\t\t\t<\/div>\n\t\t\t<\/div>\n\t\t\t<div class=\"elementor-flip-box__layer elementor-flip-box__back\">\n\t\t\t<div class=\"elementor-flip-box__layer__overlay\">\n\t\t\t\t<div class=\"elementor-flip-box__layer__inner\">\n\t\t\t\t\t\n\t\t\t\t\t\n\t\t\t\t\t\t\t\t<\/div>\n\t\t<\/div>\n\t\t<\/div>\n\t\t<\/div>\n\t\t\t\t\t\t<\/div>\n\t\t\t\t\t<\/div>\n\t\t<\/div>\n\t\t\t\t\t<\/div>\n\t\t<\/section>\n\t\t\t\t<\/div>\n\t\t","protected":false},"excerpt":{"rendered":"<p>Especializado en el caf\u00e9 y tortilla de patata Servicios bienvenidos Si\u00e9ntate y rel\u00e1jate, pide tu desayuno \u00a1Disfruta del ambiente con un buen desayuno! Servicios Nuestra comida Local especializado en los desayunos, junto al puente colgante de Portugalete Servicios<\/p>","protected":false},"author":1,"featured_media":0,"parent":0,"menu_order":0,"comment_status":"closed","ping_status":"closed","template":"elementor_canvas","meta":{"footnotes":""},"class_list":["post-2","page","type-page","status-publish","hentry"],"yoast_head":"<!-- This site is optimized with the Yoast SEO plugin v27.3 - https:\/\/yoast.com\/product\/yoast-seo-wordpress\/ -->\n<title>Inicio - Cafeter\u00eda Galeon<\/title>\n<meta name=\"robots\" content=\"index, follow, max-snippet:-1, max-image-preview:large, max-video-preview:-1\" \/>\n<link rel=\"canonical\" href=\"https:\/\/cafeteriagaleon.com\/eu\/\" \/>\n<meta property=\"og:locale\" content=\"en_US\" \/>\n<meta property=\"og:type\" content=\"article\" \/>\n<meta property=\"og:title\" content=\"Inicio - Cafeter\u00eda Galeon\" \/>\n<meta property=\"og:description\" content=\"Especializado en el caf\u00e9 y tortilla de patata Servicios bienvenidos Si\u00e9ntate y rel\u00e1jate, pide tu desayuno \u00a1Disfruta del ambiente con un buen desayuno! Servicios Nuestra comida Local especializado en los desayunos, junto al puente colgante de Portugalete Servicios\" \/>\n<meta property=\"og:url\" content=\"https:\/\/cafeteriagaleon.com\/eu\/\" \/>\n<meta property=\"og:site_name\" content=\"Cafeter\u00eda Galeon\" \/>\n<meta property=\"article:modified_time\" content=\"2025-08-08T07:04:14+00:00\" \/>\n<meta name=\"twitter:card\" content=\"summary_large_image\" \/>\n<meta name=\"twitter:label1\" content=\"Est. reading time\" \/>\n\t<meta name=\"twitter:data1\" content=\"1 minutua\" \/>\n<script type=\"application\/ld+json\" class=\"yoast-schema-graph\">{\"@context\":\"https:\\\/\\\/schema.org\",\"@graph\":[{\"@type\":\"WebPage\",\"@id\":\"https:\\\/\\\/cafeteriagaleon.com\\\/\",\"url\":\"https:\\\/\\\/cafeteriagaleon.com\\\/\",\"name\":\"Inicio - Cafeter\u00eda Galeon\",\"isPartOf\":{\"@id\":\"https:\\\/\\\/cafeteriagaleon.com\\\/#website\"},\"datePublished\":\"2025-08-07T11:30:34+00:00\",\"dateModified\":\"2025-08-08T07:04:14+00:00\",\"breadcrumb\":{\"@id\":\"https:\\\/\\\/cafeteriagaleon.com\\\/#breadcrumb\"},\"inLanguage\":\"eu\",\"potentialAction\":[{\"@type\":\"ReadAction\",\"target\":[\"https:\\\/\\\/cafeteriagaleon.com\\\/\"]}]},{\"@type\":\"BreadcrumbList\",\"@id\":\"https:\\\/\\\/cafeteriagaleon.com\\\/#breadcrumb\",\"itemListElement\":[{\"@type\":\"ListItem\",\"position\":1,\"name\":\"Portada\",\"item\":\"https:\\\/\\\/cafeteriagaleon.com\\\/\"},{\"@type\":\"ListItem\",\"position\":2,\"name\":\"Inicio\"}]},{\"@type\":\"WebSite\",\"@id\":\"https:\\\/\\\/cafeteriagaleon.com\\\/#website\",\"url\":\"https:\\\/\\\/cafeteriagaleon.com\\\/\",\"name\":\"Cafeter\u00eda Galeon\",\"description\":\"Cafeter\u00eda Galeon\",\"publisher\":{\"@id\":\"https:\\\/\\\/cafeteriagaleon.com\\\/#organization\"},\"potentialAction\":[{\"@type\":\"SearchAction\",\"target\":{\"@type\":\"EntryPoint\",\"urlTemplate\":\"https:\\\/\\\/cafeteriagaleon.com\\\/?s={search_term_string}\"},\"query-input\":{\"@type\":\"PropertyValueSpecification\",\"valueRequired\":true,\"valueName\":\"search_term_string\"}}],\"inLanguage\":\"eu\"},{\"@type\":\"Organization\",\"@id\":\"https:\\\/\\\/cafeteriagaleon.com\\\/#organization\",\"name\":\"Cafeter\u00eda Galeon\",\"url\":\"https:\\\/\\\/cafeteriagaleon.com\\\/\",\"logo\":{\"@type\":\"ImageObject\",\"inLanguage\":\"eu\",\"@id\":\"https:\\\/\\\/cafeteriagaleon.com\\\/#\\\/schema\\\/logo\\\/image\\\/\",\"url\":\"https:\\\/\\\/cafeteriagaleon.com\\\/wp-content\\\/uploads\\\/2025\\\/08\\\/cropped-logo1.jpeg\",\"contentUrl\":\"https:\\\/\\\/cafeteriagaleon.com\\\/wp-content\\\/uploads\\\/2025\\\/08\\\/cropped-logo1.jpeg\",\"width\":346,\"height\":176,\"caption\":\"Cafeter\u00eda Galeon\"},\"image\":{\"@id\":\"https:\\\/\\\/cafeteriagaleon.com\\\/#\\\/schema\\\/logo\\\/image\\\/\"}}]}<\/script>\n<!-- \/ Yoast SEO plugin. -->","yoast_head_json":{"title":"Inicio - Cafeter\u00eda Galeon","robots":{"index":"index","follow":"follow","max-snippet":"max-snippet:-1","max-image-preview":"max-image-preview:large","max-video-preview":"max-video-preview:-1"},"canonical":"https:\/\/cafeteriagaleon.com\/eu\/","og_locale":"en_US","og_type":"article","og_title":"Inicio - Cafeter\u00eda Galeon","og_description":"Especializado en el caf\u00e9 y tortilla de patata Servicios bienvenidos Si\u00e9ntate y rel\u00e1jate, pide tu desayuno \u00a1Disfruta del ambiente con un buen desayuno! Servicios Nuestra comida Local especializado en los desayunos, junto al puente colgante de Portugalete Servicios","og_url":"https:\/\/cafeteriagaleon.com\/eu\/","og_site_name":"Cafeter\u00eda Galeon","article_modified_time":"2025-08-08T07:04:14+00:00","twitter_card":"summary_large_image","twitter_misc":{"Est. reading time":"1 minutua"},"schema":{"@context":"https:\/\/schema.org","@graph":[{"@type":"WebPage","@id":"https:\/\/cafeteriagaleon.com\/","url":"https:\/\/cafeteriagaleon.com\/","name":"Inicio - Cafeter\u00eda Galeon","isPartOf":{"@id":"https:\/\/cafeteriagaleon.com\/#website"},"datePublished":"2025-08-07T11:30:34+00:00","dateModified":"2025-08-08T07:04:14+00:00","breadcrumb":{"@id":"https:\/\/cafeteriagaleon.com\/#breadcrumb"},"inLanguage":"eu","potentialAction":[{"@type":"ReadAction","target":["https:\/\/cafeteriagaleon.com\/"]}]},{"@type":"BreadcrumbList","@id":"https:\/\/cafeteriagaleon.com\/#breadcrumb","itemListElement":[{"@type":"ListItem","position":1,"name":"Portada","item":"https:\/\/cafeteriagaleon.com\/"},{"@type":"ListItem","position":2,"name":"Inicio"}]},{"@type":"WebSite","@id":"https:\/\/cafeteriagaleon.com\/#website","url":"https:\/\/cafeteriagaleon.com\/","name":"Cafeter\u00eda Galeon","description":"Cafeter\u00eda Galeon","publisher":{"@id":"https:\/\/cafeteriagaleon.com\/#organization"},"potentialAction":[{"@type":"SearchAction","target":{"@type":"EntryPoint","urlTemplate":"https:\/\/cafeteriagaleon.com\/?s={search_term_string}"},"query-input":{"@type":"PropertyValueSpecification","valueRequired":true,"valueName":"search_term_string"}}],"inLanguage":"eu"},{"@type":"Organization","@id":"https:\/\/cafeteriagaleon.com\/#organization","name":"Cafeter\u00eda Galeon","url":"https:\/\/cafeteriagaleon.com\/","logo":{"@type":"ImageObject","inLanguage":"eu","@id":"https:\/\/cafeteriagaleon.com\/#\/schema\/logo\/image\/","url":"https:\/\/cafeteriagaleon.com\/wp-content\/uploads\/2025\/08\/cropped-logo1.jpeg","contentUrl":"https:\/\/cafeteriagaleon.com\/wp-content\/uploads\/2025\/08\/cropped-logo1.jpeg","width":346,"height":176,"caption":"Cafeter\u00eda Galeon"},"image":{"@id":"https:\/\/cafeteriagaleon.com\/#\/schema\/logo\/image\/"}}]}},"_links":{"self":[{"href":"https:\/\/cafeteriagaleon.com\/eu\/wp-json\/wp\/v2\/pages\/2","targetHints":{"allow":["GET"]}}],"collection":[{"href":"https:\/\/cafeteriagaleon.com\/eu\/wp-json\/wp\/v2\/pages"}],"about":[{"href":"https:\/\/cafeteriagaleon.com\/eu\/wp-json\/wp\/v2\/types\/page"}],"author":[{"embeddable":true,"href":"https:\/\/cafeteriagaleon.com\/eu\/wp-json\/wp\/v2\/users\/1"}],"replies":[{"embeddable":true,"href":"https:\/\/cafeteriagaleon.com\/eu\/wp-json\/wp\/v2\/comments?post=2"}],"version-history":[{"count":67,"href":"https:\/\/cafeteriagaleon.com\/eu\/wp-json\/wp\/v2\/pages\/2\/revisions"}],"predecessor-version":[{"id":448,"href":"https:\/\/cafeteriagaleon.com\/eu\/wp-json\/wp\/v2\/pages\/2\/revisions\/448"}],"wp:attachment":[{"href":"https:\/\/cafeteriagaleon.com\/eu\/wp-json\/wp\/v2\/media?parent=2"}],"curies":[{"name":"wp","href":"https:\/\/api.w.org\/{rel}","templated":true}]}}